{"id":17,"date":"2024-07-10T16:10:55","date_gmt":"2024-07-10T16:10:55","guid":{"rendered":"https:\/\/www.jusanlorenzo.org.pe\/web\/?page_id=17"},"modified":"2024-08-13T18:27:35","modified_gmt":"2024-08-13T18:27:35","slug":"nuestra-historia","status":"publish","type":"page","link":"https:\/\/www.jusanlorenzo.org.pe\/web\/nuestra-historia\/","title":{"rendered":"Nuestra Historia"},"content":{"rendered":"<body>\t\t<div data-elementor-type=\"wp-page\" data-elementor-id=\"17\" class=\"elementor elementor-17\" data-elementor-post-type=\"page\">\n\t\t\t\t\t\t<header class=\"elementor-section elementor-top-section elementor-element elementor-element-6f67c6c6 elementor-section-stretched elementor-section-height-min-height elementor-section-boxed elementor-section-height-default elementor-section-items-middle\" data-id=\"6f67c6c6\" data-element_type=\"section\" data-e-type=\"section\" data-settings=\"{&quot;stretch_section&quot;:&quot;section-stretched&quot;,&quot;background_background&quot;:&quot;classic&quot;}\">\n\t\t\t\t\t\t\t<div class=\"elementor-background-overlay\"><\/div>\n\t\t\t\t\t\t\t<div class=\"elementor-container elementor-column-gap-default\">\n\t\t\t\t\t<div class=\"elementor-column elementor-col-100 elementor-top-column elementor-element elementor-element-51a8705e\" data-id=\"51a8705e\" data-element_type=\"column\" data-e-type=\"column\">\n\t\t\t<div class=\"elementor-widget-wrap elementor-element-populated\">\n\t\t\t\t\t\t<div class=\"elementor-element elementor-element-292ea91e elementor-widget elementor-widget-heading\" data-id=\"292ea91e\" data-element_type=\"widget\" data-e-type=\"widget\" data-widget_type=\"heading.default\">\n\t\t\t\t<div class=\"elementor-widget-container\">\n\t\t\t\t\t<h1 class=\"elementor-heading-title elementor-size-default\">RESE\u00d1A HISTORICA<\/h1>\t\t\t\t<\/div>\n\t\t\t\t<\/div>\n\t\t\t\t<div class=\"elementor-element elementor-element-7c6dc779 elementor-widget-divider--separator-type-pattern elementor-widget-divider--view-line elementor-widget elementor-widget-divider\" data-id=\"7c6dc779\" data-element_type=\"widget\" data-e-type=\"widget\" data-widget_type=\"divider.default\">\n\t\t\t\t<div class=\"elementor-widget-container\">\n\t\t\t\t\t\t\t<div class=\"elementor-divider\" style=\"--divider-pattern-url: url(&quot;data:image\/svg+xml,%3Csvg xmlns='http:\/\/www.w3.org\/2000\/svg' preserveAspectRatio='none' overflow='visible' height='100%' viewBox='0 0 20 16' fill='none' stroke='black' stroke-width='3.3' stroke-linecap='square' stroke-miterlimit='10'%3E%3Cg transform='translate(-12.000000, 0)'%3E%3Cpath d='M28,0L10,18'\/%3E%3Cpath d='M18,0L0,18'\/%3E%3Cpath d='M48,0L30,18'\/%3E%3Cpath d='M38,0L20,18'\/%3E%3C\/g%3E%3C\/svg%3E&quot;);\">\n\t\t\t<span class=\"elementor-divider-separator\">\n\t\t\t\t\t\t<\/span>\n\t\t<\/div>\n\t\t\t\t\t\t<\/div>\n\t\t\t\t<\/div>\n\t\t\t\t<div class=\"elementor-element elementor-element-1aab85ac elementor-widget elementor-widget-text-editor\" data-id=\"1aab85ac\" data-element_type=\"widget\" data-e-type=\"widget\" data-widget_type=\"text-editor.default\">\n\t\t\t\t<div class=\"elementor-widget-container\">\n\t\t\t\t\t\t\t\t\t\u00bfC\u00f3mo fue San Lorenzo antes de la colonizaci\u00f3n?,es la pregunta que muchos nos formulamos especialmente los j\u00f3venes, hijos delos colonos beneficiarios de este gran proyecto hecho realidad.\nEl \u00e1rea del proyectoestaba enclavado en medio de  haciendas y circunscrito en pueblos olvidados como Tambogrande, Las Lomas, Chipillico, Paimas y otros caser\u00edos.\n\t\t\t\t\t\t\t\t<\/div>\n\t\t\t\t<\/div>\n\t\t\t\t\t<\/div>\n\t\t<\/div>\n\t\t\t\t\t<\/div>\n\t\t<\/header>\n\t\t\t\t<section class=\"elementor-section elementor-top-section elementor-element elementor-element-47d09e80 elementor-section-height-min-height elementor-section-boxed elementor-section-height-default elementor-section-items-middle\" data-id=\"47d09e80\" data-element_type=\"section\" data-e-type=\"section\" data-settings=\"{&quot;background_background&quot;:&quot;classic&quot;}\">\n\t\t\t\t\t\t<div class=\"elementor-container elementor-column-gap-default\">\n\t\t\t\t\t<div class=\"elementor-column elementor-col-100 elementor-top-column elementor-element elementor-element-5b1db571 elementor-invisible\" data-id=\"5b1db571\" data-element_type=\"column\" data-e-type=\"column\" data-settings=\"{&quot;background_background&quot;:&quot;classic&quot;,&quot;animation&quot;:&quot;fadeInUp&quot;}\">\n\t\t\t<div class=\"elementor-widget-wrap elementor-element-populated\">\n\t\t\t\t\t\t<div class=\"elementor-element elementor-element-3b01a61d elementor-view-default elementor-widget elementor-widget-icon\" data-id=\"3b01a61d\" data-element_type=\"widget\" data-e-type=\"widget\" data-widget_type=\"icon.default\">\n\t\t\t\t<div class=\"elementor-widget-container\">\n\t\t\t\t\t\t\t<div class=\"elementor-icon-wrapper\">\n\t\t\t<div class=\"elementor-icon\">\n\t\t\t<svg aria-hidden=\"true\" class=\"e-font-icon-svg e-fas-info-circle\" viewbox=\"0 0 512 512\" xmlns=\"http:\/\/www.w3.org\/2000\/svg\"><path d=\"M256 8C119.043 8 8 119.083 8 256c0 136.997 111.043 248 248 248s248-111.003 248-248C504 119.083 392.957 8 256 8zm0 110c23.196 0 42 18.804 42 42s-18.804 42-42 42-42-18.804-42-42 18.804-42 42-42zm56 254c0 6.627-5.373 12-12 12h-88c-6.627 0-12-5.373-12-12v-24c0-6.627 5.373-12 12-12h12v-64h-12c-6.627 0-12-5.373-12-12v-24c0-6.627 5.373-12 12-12h64c6.627 0 12 5.373 12 12v100h12c6.627 0 12 5.373 12 12v24z\"><\/path><\/svg>\t\t\t<\/div>\n\t\t<\/div>\n\t\t\t\t\t\t<\/div>\n\t\t\t\t<\/div>\n\t\t\t\t<div class=\"elementor-element elementor-element-200d91c4 elementor-widget elementor-widget-heading\" data-id=\"200d91c4\" data-element_type=\"widget\" data-e-type=\"widget\" data-widget_type=\"heading.default\">\n\t\t\t\t<div class=\"elementor-widget-container\">\n\t\t\t\t\t<h2 class=\"elementor-heading-title elementor-size-default\">JUSHSAL<\/h2>\t\t\t\t<\/div>\n\t\t\t\t<\/div>\n\t\t\t\t<div class=\"elementor-element elementor-element-48e016bd elementor-widget-divider--separator-type-pattern elementor-widget-divider--view-line elementor-widget elementor-widget-divider\" data-id=\"48e016bd\" data-element_type=\"widget\" data-e-type=\"widget\" data-widget_type=\"divider.default\">\n\t\t\t\t<div class=\"elementor-widget-container\">\n\t\t\t\t\t\t\t<div class=\"elementor-divider\" style=\"--divider-pattern-url: url(&quot;data:image\/svg+xml,%3Csvg xmlns='http:\/\/www.w3.org\/2000\/svg' preserveAspectRatio='none' overflow='visible' height='100%' viewBox='0 0 20 16' fill='none' stroke='black' stroke-width='3.3' stroke-linecap='square' stroke-miterlimit='10'%3E%3Cg transform='translate(-12.000000, 0)'%3E%3Cpath d='M28,0L10,18'\/%3E%3Cpath d='M18,0L0,18'\/%3E%3Cpath d='M48,0L30,18'\/%3E%3Cpath d='M38,0L20,18'\/%3E%3C\/g%3E%3C\/svg%3E&quot;);\">\n\t\t\t<span class=\"elementor-divider-separator\">\n\t\t\t\t\t\t<\/span>\n\t\t<\/div>\n\t\t\t\t\t\t<\/div>\n\t\t\t\t<\/div>\n\t\t\t\t<section class=\"elementor-section elementor-inner-section elementor-element elementor-element-2151bec0 elementor-section-boxed elementor-section-height-default elementor-section-height-default\" data-id=\"2151bec0\" data-element_type=\"section\" data-e-type=\"section\">\n\t\t\t\t\t\t<div class=\"elementor-container elementor-column-gap-default\">\n\t\t\t\t\t<div class=\"elementor-column elementor-col-100 elementor-inner-column elementor-element elementor-element-65e70446\" data-id=\"65e70446\" data-element_type=\"column\" data-e-type=\"column\">\n\t\t\t<div class=\"elementor-widget-wrap elementor-element-populated\">\n\t\t\t\t\t\t<div class=\"elementor-element elementor-element-1417251b elementor-widget elementor-widget-text-editor\" data-id=\"1417251b\" data-element_type=\"widget\" data-e-type=\"widget\" data-widget_type=\"text-editor.default\">\n\t\t\t\t<div class=\"elementor-widget-container\">\n\t\t\t\t\t\t\t\t\t<p>Las tierras disponibles se encontraban en dosgrandes sectores, el primer sector era del bosque seco, donde peque\u00f1as \u00e1reas llamadas rozos eran cultivadas con las lluvias de la estaci\u00f3n, solo se cultivaban productos de pan llevar y del bosque aprovechaban, la le\u00f1a y el carb\u00f3n vegetal para comercializarlo en las grandes urbes, el segundo sector lo conformaban las tierraseriazasde lashaciendas cuyas propuestas del proyecto fue expropiarlas a cambio recibir\u00edan el precio de la misma m\u00e1s el derecho de usufructo del agua que vendr\u00eda de la represa.<\/p><p>Las haciendas que comprend\u00edan el proyecto fueron: Chipillico, Culqui, Quiroz, Jambur, Pampa Elera, Cacaturo, Yuscay, Pichones, Pelingar\u00e1, Pelados, Somate, Chalacal\u00e1, San Miguel de Ser\u00e9n, Parales, Pedregal, Chica, Tejedores, Paccha, Malingas, Curvan, Locuto, Tambogrande, Eguskia, Sol Sol, S\u00e1ncor, y La Esmeralda.<\/p><p>Precisamente terminada la II Guerra Mundial, la materia prima como el algod\u00f3n Pima obtiene mayor demanda en el mercado europeo y norteamericano, los hacendados y un grupo de campesinos del Bajo Piura, presionan para que se derive las aguas del Rio Quiroz al r\u00edo Piura para mejorar el riego de 31000ha del valle del Medio y Bajo Piuray ampliar la frontera agr\u00edcola en 20 mil hect\u00e1reas.<\/p><p>Con Ley N\u00ba 10619 del 29 de junio de 1946, se hab\u00eda autorizado al Ejecutivo para efectuar la derivaci\u00f3n de las aguas delos r\u00edos Quiroz y Chipillicoal valle del Bajo Piura, La misma ley, dispuso que se efectuase una emisi\u00f3n de bonos en serie, hasta por treinta millones de soles que se llamar\u00edan Bonos de Irrigaci\u00f3n y Mejoramiento del Valle de Piura.<\/p><p>Este proyecto presupuestado desde 1942 por el presidente de la Rep\u00fablica Manuel Prado Ugarteche no logra obtener la voluntad pol\u00edtica sino hasta 1948 que el Presidente de la Republica Gral. Manuel OdriaAmoretti, como visionario y estadista pone en ejecuci\u00f3n la obra, con la C\u00eda norteamericana Morrison-Knudsen.<\/p><p>La idea inicial del proyecto era construir un sistema de riego \u00fanico en su dimensi\u00f3n a trav\u00e9s de estructuras de captaci\u00f3n y control que asegurar\u00edan el recurso h\u00eddricos para 31 mil has en el bajo Piura y 20 mil en el valle de San Lorenzo.<\/p><p>Las tierras a irrigarse en San Lorenzo deber\u00edan obedecer un tipo de reforma agraria donde se logre distribuir la tierra en forma que asegure un alto nivel de vida, hacer que la tierra cumpla con su fin social de producir al m\u00e1ximo y extender el derecho a la propiedad.<\/p><p>Por decreto supremo se encarg\u00f3 al Instituto de Reforma Agraria y Colonizaci\u00f3n IRAC la programaci\u00f3n, ejecuci\u00f3n y supervisi\u00f3n de todo el proceso de irrigaci\u00f3n y colonizaci\u00f3n de San Lorenzo.<\/p><p>Para determinar el precio venta de las parcelas se tendr\u00eda en cuenta el grado de soportabilidad de cada una de ellas. En la parcelaci\u00f3n y adjudicaci\u00f3n de lotes, se dar\u00eda preferencia a la constituci\u00f3n de unidades agr\u00edcolas familiares. Se adjudicar\u00eda tambi\u00e9n un programa de cr\u00e9ditos para atender las necesidades de los colonos en cuanto de poner operativas las parcelas.<\/p><p>Se pod\u00eda considerar el a\u00f1o 1961 como el punto de partida de la colonizaci\u00f3n. Se inicia la adjudicaci\u00f3n de lotes que se intensifica en 1963.<\/p><p>En el centro de la colonizaci\u00f3n, se proyect\u00f3 la construcci\u00f3n de una ciudad modelo a la que se llamar\u00eda Cruceta o Ciudad San Lorenzo. Distribuidos en diversos sectores, se plane\u00f3 la construcci\u00f3n de Centros de Servicios, habiendo sido los m\u00e1s importantes los de Parkinsonia y El Algarrobo. Todos ellos dispusieron de una adecuada infraestructura en cuanto a oficinas administrativas, dep\u00f3sitos, centros de salud, escuelas, etc.<\/p><p>El trabajo se desarroll\u00f3 por equipos para el empadronamiento de los futuros colonos, reparcelaci\u00f3n, valorizaci\u00f3n, problema de expropiaciones y preparaci\u00f3n de los equipos de asistencia t\u00e9cnica, econ\u00f3mica y social.<\/p><p>Las tierras de colonizaci\u00f3n se parcelaronen lotes de 6 a8 hect\u00e1reas para las unidades familiares y en m\u00e1s de 8 hasta un m\u00e1ximo de 80 hect\u00e1reas para la peque\u00f1a y mediana propiedad con el fin de cumplir los requisitos de ley.<\/p><p>La irrigaci\u00f3n y colonizaci\u00f3n San Lorenzo fue concebido como uno de los m\u00e1s grandes proyectos de desarrollo agr\u00edcola del pa\u00eds. <strong>Se ejecut\u00f3 en tres etapas:<\/strong><\/p>\t\t\t\t\t\t\t\t<\/div>\n\t\t\t\t<\/div>\n\t\t\t\t\t<\/div>\n\t\t<\/div>\n\t\t\t\t\t<\/div>\n\t\t<\/section>\n\t\t\t\t<section class=\"elementor-section elementor-inner-section elementor-element elementor-element-593f937a elementor-section-boxed elementor-section-height-default elementor-section-height-default\" data-id=\"593f937a\" data-element_type=\"section\" data-e-type=\"section\">\n\t\t\t\t\t\t<div class=\"elementor-container elementor-column-gap-default\">\n\t\t\t\t\t<div class=\"elementor-column elementor-col-50 elementor-inner-column elementor-element elementor-element-2cf79f9d\" data-id=\"2cf79f9d\" data-element_type=\"column\" data-e-type=\"column\" data-settings=\"{&quot;background_background&quot;:&quot;classic&quot;}\">\n\t\t\t<div class=\"elementor-widget-wrap elementor-element-populated\">\n\t\t\t\t\t\t<div class=\"elementor-element elementor-element-0f4d32c elementor-widget elementor-widget-heading\" data-id=\"0f4d32c\" data-element_type=\"widget\" data-e-type=\"widget\" data-widget_type=\"heading.default\">\n\t\t\t\t<div class=\"elementor-widget-container\">\n\t\t\t\t\t<h2 class=\"elementor-heading-title elementor-size-default\">PRIMERA ETAPA<\/h2>\t\t\t\t<\/div>\n\t\t\t\t<\/div>\n\t\t\t\t<div class=\"elementor-element elementor-element-25bcefa0 elementor-widget elementor-widget-text-editor\" data-id=\"25bcefa0\" data-element_type=\"widget\" data-e-type=\"widget\" data-widget_type=\"text-editor.default\">\n\t\t\t\t<div class=\"elementor-widget-container\">\n\t\t\t\t\t\t\t\t\tLa primera comenz\u00f3 en 1948 y termin\u00f3 en 1953. Consisti\u00f3 en la construcci\u00f3n de la Bocatoma Samba en el cauce del r\u00edo Quiroz con capacidad para derivar 61.8 m\u1d9f\/seg., Canal Quiroz de 61.6 km. de longitud, T\u00fanel Culqui, Canal Huachuma y la Bocatoma de Chipillico para derivar 50 m\u1d9f\/seg.\t\t\t\t\t\t\t\t<\/div>\n\t\t\t\t<\/div>\n\t\t\t\t\t<\/div>\n\t\t<\/div>\n\t\t\t\t<div class=\"elementor-column elementor-col-50 elementor-inner-column elementor-element elementor-element-76c1b967\" data-id=\"76c1b967\" data-element_type=\"column\" data-e-type=\"column\" data-settings=\"{&quot;background_background&quot;:&quot;classic&quot;}\">\n\t\t\t<div class=\"elementor-widget-wrap elementor-element-populated\">\n\t\t\t\t\t\t<div class=\"elementor-element elementor-element-c6dc7b3 elementor-widget elementor-widget-heading\" data-id=\"c6dc7b3\" data-element_type=\"widget\" data-e-type=\"widget\" data-widget_type=\"heading.default\">\n\t\t\t\t<div class=\"elementor-widget-container\">\n\t\t\t\t\t<h2 class=\"elementor-heading-title elementor-size-default\">SEGUNDA ETAPA<\/h2>\t\t\t\t<\/div>\n\t\t\t\t<\/div>\n\t\t\t\t<div class=\"elementor-element elementor-element-22a63b87 elementor-widget elementor-widget-text-editor\" data-id=\"22a63b87\" data-element_type=\"widget\" data-e-type=\"widget\" data-widget_type=\"text-editor.default\">\n\t\t\t\t<div class=\"elementor-widget-container\">\n\t\t\t\t\t\t\t\t\tLa segunda etapa se ejecut\u00f3 desde 1954 hasta 1959 y consisti\u00f3 en la construcci\u00f3n del Reservorio Los Cocos de 255 millones de metros c\u00fabicos de capacidad, Casa de V\u00e1lvulas, aliviadero de Maray y los 5 canales mayores principales. Los canales construidos en esta etapa son: Canal Yuscay de 15.7 km. de longitud, Canal Tejedores de 12.7 km, Canal tambogrande de 16.5 km, Canal Tablazo de 65.5 km y canal TJ 05 de 6.7 km. Tambi\u00e9n se construy\u00f3 El Partidor.\t\t\t\t\t\t\t\t<\/div>\n\t\t\t\t<\/div>\n\t\t\t\t\t<\/div>\n\t\t<\/div>\n\t\t\t\t\t<\/div>\n\t\t<\/section>\n\t\t\t\t<section class=\"elementor-section elementor-inner-section elementor-element elementor-element-51a1147f elementor-section-boxed elementor-section-height-default elementor-section-height-default\" data-id=\"51a1147f\" data-element_type=\"section\" data-e-type=\"section\">\n\t\t\t\t\t\t<div class=\"elementor-container elementor-column-gap-default\">\n\t\t\t\t\t<div class=\"elementor-column elementor-col-100 elementor-inner-column elementor-element elementor-element-3f90f1da\" data-id=\"3f90f1da\" data-element_type=\"column\" data-e-type=\"column\" data-settings=\"{&quot;background_background&quot;:&quot;classic&quot;}\">\n\t\t\t<div class=\"elementor-widget-wrap elementor-element-populated\">\n\t\t\t\t\t\t<div class=\"elementor-element elementor-element-666e8f6 elementor-widget elementor-widget-heading\" data-id=\"666e8f6\" data-element_type=\"widget\" data-e-type=\"widget\" data-widget_type=\"heading.default\">\n\t\t\t\t<div class=\"elementor-widget-container\">\n\t\t\t\t\t<h2 class=\"elementor-heading-title elementor-size-default\">TERCERA ETAPA<\/h2>\t\t\t\t<\/div>\n\t\t\t\t<\/div>\n\t\t\t\t<div class=\"elementor-element elementor-element-3634b860 elementor-widget elementor-widget-text-editor\" data-id=\"3634b860\" data-element_type=\"widget\" data-e-type=\"widget\" data-widget_type=\"text-editor.default\">\n\t\t\t\t<div class=\"elementor-widget-container\">\n\t\t\t\t\t\t\t\t\tEn la tercera etapa, durante los a\u00f1os de 1959 a 1965, se procedi\u00f3 a la parcelaci\u00f3n, adjudicaci\u00f3n e irrigaci\u00f3n de las tierras mediante la Ley 13240. Los primeros colonos en recibir la tierra fue un grupo de 64. En total fueron 1,200 colonos quienes recibieron m\u00e1s de 26 mil hect\u00e1reas.\t\t\t\t\t\t\t\t<\/div>\n\t\t\t\t<\/div>\n\t\t\t\t\t<\/div>\n\t\t<\/div>\n\t\t\t\t\t<\/div>\n\t\t<\/section>\n\t\t\t\t<section class=\"elementor-section elementor-inner-section elementor-element elementor-element-331e34e elementor-section-boxed elementor-section-height-default elementor-section-height-default\" data-id=\"331e34e\" data-element_type=\"section\" data-e-type=\"section\">\n\t\t\t\t\t\t<div class=\"elementor-container elementor-column-gap-default\">\n\t\t\t\t\t<div class=\"elementor-column elementor-col-100 elementor-inner-column elementor-element elementor-element-dcf9337\" data-id=\"dcf9337\" data-element_type=\"column\" data-e-type=\"column\">\n\t\t\t<div class=\"elementor-widget-wrap elementor-element-populated\">\n\t\t\t\t\t\t<div class=\"elementor-element elementor-element-afd67e8 elementor-widget elementor-widget-text-editor\" data-id=\"afd67e8\" data-element_type=\"widget\" data-e-type=\"widget\" data-widget_type=\"text-editor.default\">\n\t\t\t\t<div class=\"elementor-widget-container\">\n\t\t\t\t\t\t\t\t\tEl proyecto San Lorenzo fue dise\u00f1ado por el Banco Mundial como modelo piloto de desarrollo agropecuario en Am\u00e9rica Latina. La idea es que junto a los centros de producci\u00f3n tambi\u00e9n estuvieran las viviendas con los servicios b\u00e1sicos de agua y energ\u00eda el\u00e9ctrica, as\u00ed como los centros de servicio. Se construyeron 5 centros de servicios, 1,500 viviendas y diversas escuelas y establecimientos de salud, sobresaliendo el ubicado en San Isidro 10.4. En esa perspectiva se aplic\u00f3 una propuesta educativa acorde a la realidad enfatizando el enfoque de la educaci\u00f3n para el trabajo.\t\t\t\t\t\t\t\t<\/div>\n\t\t\t\t<\/div>\n\t\t\t\t\t<\/div>\n\t\t<\/div>\n\t\t\t\t\t<\/div>\n\t\t<\/section>\n\t\t\t\t\t<\/div>\n\t\t<\/div>\n\t\t\t\t\t<\/div>\n\t\t<\/section>\n\t\t\t\t<section class=\"elementor-section elementor-top-section elementor-element elementor-element-3648bc57 elementor-section-boxed elementor-section-height-default elementor-section-height-default\" data-id=\"3648bc57\" data-element_type=\"section\" data-e-type=\"section\" data-settings=\"{&quot;background_background&quot;:&quot;classic&quot;}\">\n\t\t\t\t\t\t\t<div class=\"elementor-background-overlay\"><\/div>\n\t\t\t\t\t\t\t<div class=\"elementor-container elementor-column-gap-default\">\n\t\t\t\t\t<div class=\"elementor-column elementor-col-100 elementor-top-column elementor-element elementor-element-67065271\" data-id=\"67065271\" data-element_type=\"column\" data-e-type=\"column\">\n\t\t\t<div class=\"elementor-widget-wrap elementor-element-populated\">\n\t\t\t\t\t\t<div class=\"elementor-element elementor-element-48f5a27d elementor-widget elementor-widget-heading\" data-id=\"48f5a27d\" data-element_type=\"widget\" data-e-type=\"widget\" data-widget_type=\"heading.default\">\n\t\t\t\t<div class=\"elementor-widget-container\">\n\t\t\t\t\t<h2 class=\"elementor-heading-title elementor-size-default\">\u00bfNecesitas ayuda?<\/h2>\t\t\t\t<\/div>\n\t\t\t\t<\/div>\n\t\t\t\t<div class=\"elementor-element elementor-element-7e35b6d8 elementor-widget-divider--separator-type-pattern elementor-widget-divider--view-line elementor-widget elementor-widget-divider\" data-id=\"7e35b6d8\" data-element_type=\"widget\" data-e-type=\"widget\" data-widget_type=\"divider.default\">\n\t\t\t\t<div class=\"elementor-widget-container\">\n\t\t\t\t\t\t\t<div class=\"elementor-divider\" style=\"--divider-pattern-url: url(&quot;data:image\/svg+xml,%3Csvg xmlns='http:\/\/www.w3.org\/2000\/svg' preserveAspectRatio='none' overflow='visible' height='100%' viewBox='0 0 20 16' fill='none' stroke='black' stroke-width='3.3' stroke-linecap='square' stroke-miterlimit='10'%3E%3Cg transform='translate(-12.000000, 0)'%3E%3Cpath d='M28,0L10,18'\/%3E%3Cpath d='M18,0L0,18'\/%3E%3Cpath d='M48,0L30,18'\/%3E%3Cpath d='M38,0L20,18'\/%3E%3C\/g%3E%3C\/svg%3E&quot;);\">\n\t\t\t<span class=\"elementor-divider-separator\">\n\t\t\t\t\t\t<\/span>\n\t\t<\/div>\n\t\t\t\t\t\t<\/div>\n\t\t\t\t<\/div>\n\t\t\t\t<div class=\"elementor-element elementor-element-388ead70 elementor-align-center elementor-widget elementor-widget-button\" data-id=\"388ead70\" data-element_type=\"widget\" data-e-type=\"widget\" data-widget_type=\"button.default\">\n\t\t\t\t<div class=\"elementor-widget-container\">\n\t\t\t\t\t\t\t\t\t<div class=\"elementor-button-wrapper\">\n\t\t\t\t\t<a class=\"elementor-button elementor-button-link elementor-size-sm elementor-animation-float\" href=\"https:\/\/www.jusanlorenzo.org.pe\/web\/contactanos\/\">\n\t\t\t\t\t\t<span class=\"elementor-button-content-wrapper\">\n\t\t\t\t\t\t<span class=\"elementor-button-icon\">\n\t\t\t\t<svg aria-hidden=\"true\" class=\"e-font-icon-svg e-fas-arrow-right\" viewbox=\"0 0 448 512\" xmlns=\"http:\/\/www.w3.org\/2000\/svg\"><path d=\"M190.5 66.9l22.2-22.2c9.4-9.4 24.6-9.4 33.9 0L441 239c9.4 9.4 9.4 24.6 0 33.9L246.6 467.3c-9.4 9.4-24.6 9.4-33.9 0l-22.2-22.2c-9.5-9.5-9.3-25 .4-34.3L311.4 296H24c-13.3 0-24-10.7-24-24v-32c0-13.3 10.7-24 24-24h287.4L190.9 101.2c-9.8-9.3-10-24.8-.4-34.3z\"><\/path><\/svg>\t\t\t<\/span>\n\t\t\t\t\t\t\t\t\t<span class=\"elementor-button-text\">Cont\u00e1ctanos<\/span>\n\t\t\t\t\t<\/span>\n\t\t\t\t\t<\/a>\n\t\t\t\t<\/div>\n\t\t\t\t\t\t\t\t<\/div>\n\t\t\t\t<\/div>\n\t\t\t\t\t<\/div>\n\t\t<\/div>\n\t\t\t\t\t<\/div>\n\t\t<\/section>\n\t\t\t\t<\/div>\n\t\t<\/body>","protected":false},"excerpt":{"rendered":"<p>RESE\u00d1A HISTORICA \u00bfC\u00f3mo fue San Lorenzo antes de la colonizaci\u00f3n?,es la pregunta que muchos nos formulamos especialmente los j\u00f3venes, hijos delos colonos beneficiarios de este gran proyecto hecho realidad. El \u00e1rea del proyectoestaba enclavado en medio de haciendas y circunscrito en pueblos olvidados como Tambogrande, Las Lomas, Chipillico, Paimas y otros caser\u00edos. JUSHSAL Las tierras [&hellip;]<\/p>\n","protected":false},"author":1,"featured_media":0,"parent":0,"menu_order":0,"comment_status":"closed","ping_status":"closed","template":"","meta":{"om_disable_all_campaigns":false,"footnotes":""},"class_list":["post-17","page","type-page","status-publish","hentry"],"_links":{"self":[{"href":"https:\/\/www.jusanlorenzo.org.pe\/web\/wp-json\/wp\/v2\/pages\/17","targetHints":{"allow":["GET"]}}],"collection":[{"href":"https:\/\/www.jusanlorenzo.org.pe\/web\/wp-json\/wp\/v2\/pages"}],"about":[{"href":"https:\/\/www.jusanlorenzo.org.pe\/web\/wp-json\/wp\/v2\/types\/page"}],"author":[{"embeddable":true,"href":"https:\/\/www.jusanlorenzo.org.pe\/web\/wp-json\/wp\/v2\/users\/1"}],"replies":[{"embeddable":true,"href":"https:\/\/www.jusanlorenzo.org.pe\/web\/wp-json\/wp\/v2\/comments?post=17"}],"version-history":[{"count":88,"href":"https:\/\/www.jusanlorenzo.org.pe\/web\/wp-json\/wp\/v2\/pages\/17\/revisions"}],"predecessor-version":[{"id":798,"href":"https:\/\/www.jusanlorenzo.org.pe\/web\/wp-json\/wp\/v2\/pages\/17\/revisions\/798"}],"wp:attachment":[{"href":"https:\/\/www.jusanlorenzo.org.pe\/web\/wp-json\/wp\/v2\/media?parent=17"}],"curies":[{"name":"wp","href":"https:\/\/api.w.org\/{rel}","templated":true}]}}